{"id":851,"date":"2017-01-29T18:10:09","date_gmt":"2017-01-29T23:10:09","guid":{"rendered":"http:\/\/audiopro.com.ec\/catalogo\/producto\/electro-voice-zlx-15p\/"},"modified":"2017-01-30T01:14:39","modified_gmt":"2017-01-30T06:14:39","slug":"electro-voice-zlx-15p","status":"publish","type":"product","link":"https:\/\/audiopro.com.ec\/catalogo\/producto\/electro-voice-zlx-15p\/","title":{"rendered":"Electro-Voice ZLX-15P"},"content":{"rendered":"<p>[vc_row gap=&#8221;35&#8243;][vc_column width=&#8221;2\/3&#8243;]\t\t\t\t<div class=\"feature\">\n\t\t\t\t\t\t<div class=\"text\">\n\t\t\t\t<div>\n\t\t\t\t\t<h3>Caracter\u00edsticas<\/h3>\n\t\t\t\t\t<p>Extiende el rango en graves con esta planta de energ\u00eda port\u00e1til. Por si solo o con un subwoofer, el ZLX-15P ofrece agudos limpios y brillantes, as\u00ed como bajos s\u00f3lidos y profundos para espacios m\u00e1s grandes \u2013 todo esto con suficiente holgura (headroom) del amplificador para asegurar un sonido potente y claro.<\/p>\n<ul>\n<li>1000W (Clase D); SPL m\u00e1x: 127 dB; 42Hz-20KHz<\/li>\n<li>Woofer de 15&#8243; y driver de compresi\u00f3n de titanio de 1.5&#8243;<\/li>\n<li>17.3 kg<\/li>\n<\/ul>\n<p>\n\t\t\t\t<\/div>\n\t\t\t<\/div>\n\t\t<\/div>\n\n\t\t[vc_separator]\t\t\t\t<div class=\"feature\">\n\t\t\t\t\t\t<div class=\"text\">\n\t\t\t\t<div>\n\t\t\t\t\t<h3>PRECISI\u00d3N<\/h3>\n\t\t\t\t\t<p>Si hablamos del sencillo panel de control del ZLX, menos significa realmente m\u00e1s. A\u00fan cuando m\u00faltiples controles e interruptores en los paneles de entrada de otros altavoces pudieran sugerir mayor funcionalidad, el poderoso procesador DSP de ZLX est\u00e1 accesible a trav\u00e9s de un simple y limpio dise\u00f1o de un solo control con pantalla de LCD que en realidad ofrece el m\u00e1s intuitivo y preciso control para el usuario disponible en este rango de precio. S\u00f3lo configura ZLX para reproducci\u00f3n de m\u00fasica, sonido en vivo o voz y escucha la diferencia en segundos. Dise\u00f1o inteligente, operaci\u00f3n simplificada.<\/p>\n\t\t\t\t<\/div>\n\t\t\t<\/div>\n\t\t<\/div>\n\n\t\t\t\t\t\t<div class=\"feature\">\n\t\t\t\t\t\t<div class=\"text\">\n\t\t\t\t<div>\n\t\t\t\t\t<h3>La Serie ZLX<\/h3>\n\t\t\t\t\t<\/p>\n<div class=\"right\">\n<p>Los dos modelos activos ZLX se distinguen por su m\u00e1s completo e innovador paquete de caracter\u00edsticas en su clase, proporcion\u00e1ndote mayor control de tu sonido para asegurar que la audiencia se conecte con tu momento creativo sea cual sea tu ejecuci\u00f3n.<\/p>\n<ul>\n<li>Pantalla de LCD, DSP con presets operado por un solo control \u2013 rapidamente optimiza el desempe\u00f1o del altavoz de acuerdo a tu tipo de ejecuci\u00f3n y ubicaci\u00f3n del gabinete.<\/li>\n<li>Medidores de nivel de entrada y control independiente del amplificador \u2013 aseguran una estructura de ganancia \u00f3ptima de manera f\u00e1cil y r\u00e1pida.<\/li>\n<li>Componentes con exclusivo dise\u00f1o EV acoplados a un amplificador de 1000W clase D especialmente dise\u00f1ado para ofrecer el mejor sonido en su clase.<\/li>\n<li>Construcci\u00f3n en material compuesto ligero y s\u00faper durable con el dise\u00f1o \u00fanico de agarraderas \u201chi\/lo\u201d para un montaje en poste sin esfuerzo y f\u00e1cil transportaci\u00f3n.<\/li>\n<li>Dise\u00f1o patentado \u201cSplit-baffle\u201d para un mejor alineamiento en tiempo de los componentes lo que se traduce en impacto sonoro e inteligibilidad superiores.<\/li>\n<\/ul>\n<\/div>\n<p>\n\t\t\t\t<\/div>\n\t\t\t<\/div>\n\t\t<\/div>\n\n\t\t[vc_separator color=&#8221;mulled_wine&#8221;][vc_column_text]<\/p>\n<table style=\"width: 452px;\">\n<tbody>\n<tr style=\"height: 47px;\">\n<td style=\"width: 29px; height: 47px; padding: 0px 3px;\"><img loading=\"lazy\" class=\"aligncenter size-full wp-image-823\" src=\"https:\/\/audiopro.com.ec\/catalogo\/wp-content\/uploads\/2016\/01\/pdf-icon-e1483660461399.png\" alt=\"Descargar manual del producto\" width=\"42\" height=\"42\" \/><\/td>\n<td style=\"width: 465px; height: 47px; padding: 0px 3px;\"><a href=\"http:\/\/audiopro.com.ec\/catalogo\/wp-content\/uploads\/2017\/01\/ZLX_Brochure_21Jan2013_sp_WEB.pdf\" target=\"_blank\">Descargar Manual del Producto<\/a><\/td>\n<\/tr>\n<\/tbody>\n<\/table>\n<p>[\/vc_column_text][vc_separator color=&#8221;mulled_wine&#8221;][\/vc_column][vc_column width=&#8221;1\/3&#8243; css=&#8221;.vc_custom_1453242219872{padding-top: 30px !important;}&#8221;][vc_empty_space][vc_single_image image=&#8221;819&#8243; img_size=&#8221;medium&#8221; alignment=&#8221;center&#8221; onclick=&#8221;custom_link&#8221; img_link_target=&#8221;_blank&#8221; css_animation=&#8221;right-to-left&#8221; link=&#8221;http:\/\/www.electrovoice.com&#8221; el_class=&#8221;centrardiv&#8221;][vc_empty_space][vc_column_text]<\/p>\n<h5 style=\"text-align: center;\">\u00bfInteresado en este producto?<\/h5>\n<p style=\"text-align: center;\"><span style=\"font-size: 12pt; font-family: helvetica, arial, sans-serif;\">Escr\u00edbanos\u00a0o ll\u00e1menos. Un ejecutivo de Audiopro se contactar\u00e1 con Ud. a la brevedad posible.<\/span><\/p>\n<p>[\/vc_column_text][vc_btn title=&#8221;Contactar&#8221; color=&#8221;purple&#8221; align=&#8221;center&#8221; el_class=&#8221;ps2id&#8221; link=&#8221;url:%23contactar|||&#8221;][\/vc_column][\/vc_row]<\/p>\n","protected":false},"excerpt":{"rendered":"<p>Extiende el rango en graves con esta planta de energ\u00eda port\u00e1til. Por si solo o con un subwoofer, el ZLX-15P ofrece agudos limpios y brillantes, as\u00ed como bajos s\u00f3lidos y profundos para espacios m\u00e1s grandes \u2013 todo esto con suficiente holgura (headroom) del amplificador para asegurar un sonido potente y claro.<\/p>\n","protected":false},"featured_media":853,"comment_status":"open","ping_status":"closed","template":"","meta":{"inline_featured_image":false},"_links":{"self":[{"href":"https:\/\/audiopro.com.ec\/catalogo\/wp-json\/wp\/v2\/product\/851"}],"collection":[{"href":"https:\/\/audiopro.com.ec\/catalogo\/wp-json\/wp\/v2\/product"}],"about":[{"href":"https:\/\/audiopro.com.ec\/catalogo\/wp-json\/wp\/v2\/types\/product"}],"replies":[{"embeddable":true,"href":"https:\/\/audiopro.com.ec\/catalogo\/wp-json\/wp\/v2\/comments?post=851"}],"wp:featuredmedia":[{"embeddable":true,"href":"https:\/\/audiopro.com.ec\/catalogo\/wp-json\/wp\/v2\/media\/853"}],"wp:attachment":[{"href":"https:\/\/audiopro.com.ec\/catalogo\/wp-json\/wp\/v2\/media?parent=851"}],"curies":[{"name":"wp","href":"https:\/\/api.w.org\/{rel}","templated":true}]}}