{"id":765,"date":"2017-01-04T13:57:43","date_gmt":"2017-01-04T18:57:43","guid":{"rendered":"http:\/\/audiopro.com.ec\/catalogo\/http:\/audiopro.com.ec\/catalogo\/producto\/sample-product\/definitive-technology-procinema-400\/"},"modified":"2017-01-30T01:08:22","modified_gmt":"2017-01-30T06:08:22","slug":"definitive-technology-procinema-400","status":"publish","type":"product","link":"https:\/\/audiopro.com.ec\/catalogo\/producto\/definitive-technology-procinema-400\/","title":{"rendered":"Definitive Technology ProCinema 400"},"content":{"rendered":"<p>[vc_row gap=&#8221;35&#8243;][vc_column width=&#8221;2\/3&#8243;]\t\t\t\t<div class=\"feature\">\n\t\t\t\t\t\t<div class=\"text\">\n\t\t\t\t<div>\n\t\t\t\t\t<h3>Caracter\u00edsticas<\/h3>\n\t\t\t\t\t<p>El ProCinema 400 es un sistema de cine en casa de 6 piezas de Definitive Technology, que incorpora\u00a0cuatro id\u00e9nticos parlantes de f\u00e1cil colocaci\u00f3n \u00a0para canales frontales y surround, un altavoz de canal central y un robusto subwoofer activo. Pero no se deje enga\u00f1ar por el peque\u00f1o tama\u00f1o y precio asequible, ya que el ProCinema 400 es un producto muy sofisticado con un gran sonido. Los componentes del sistema incorporan mucha de la tecnolog\u00eda de los productos top-of-the-line de Definitive Technology.<\/p>\n<p>El resultado es calidad de sonido en un cine en casa que sorprender\u00e1 a sus amigos y familiares cuando ellos escuchen el sistema.<\/p>\n\t\t\t\t<\/div>\n\t\t\t<\/div>\n\t\t<\/div>\n\n\t\t\t\t\t\t<div class=\"feature\">\n\t\t\t\t\t\t<div class=\"text\">\n\t\t\t\t<div>\n\t\t\t\t\t<h3>El Sonido<\/h3>\n\t\t\t\t\t<p>El nuevo sistema ProCinema 400 de Definitive Technology\u00a0tiene un\u00a0valor incre\u00edble. Ofrece un amplio, estudio de sonido expansivo, con unos graves potentes y limpio, claro y mediados de altas frecuencias, en una inaudita precio. Nunca antes ha sido capaz de ofrecer este nivel de rendimiento para escuchar m\u00fasica y \u00a0pel\u00edculas en un paquete tan asequible.<\/p>\n\t\t\t\t<\/div>\n\t\t\t<\/div>\n\t\t<\/div>\n\n\t\t\t\t\t\t<div class=\"feature\">\n\t\t\t\t\t\t<div class=\"text\">\n\t\t\t\t<div>\n\t\t\t\t\t<h3>Se integra f\u00e1cilmente en su hogar<\/h3>\n\t\t\t\t\t<p>Estos peque\u00f1os sat\u00e9lites est\u00e1n bellamente decorados, con acabado de lacado negro de gran brillo y curvas dignas de un deportivo italiano. Sus cubierta\u00a0compactos pueden ser colocados\u00a0con sus bases desmontables; montado en la pared, utilizando el orificio\u00a0trasero integrado, o montado en la pared con la opcional montura de pivote\u00a0ProMount 80.<\/p>\n\t\t\t\t<\/div>\n\t\t\t<\/div>\n\t\t<\/div>\n\n\t\t[\/vc_column][vc_column width=&#8221;1\/3&#8243; css=&#8221;.vc_custom_1453242219872{padding-top: 30px !important;}&#8221;][vc_empty_space][vc_column_text]<a href=\"https:\/\/www.definitivetechnology.com\" target=\"_blank\"><img  class=\"aligncenter size-full wp-image-814 style-svg\" src=\"https:\/\/audiopro.com.ec\/catalogo\/wp-content\/uploads\/2016\/01\/definitive-technology-logo.svg\" alt=\"Definitive Technology | AUDIOPRO\" \/><\/a>[\/vc_column_text][vc_empty_space][vc_column_text]<\/p>\n<h5 style=\"text-align: center;\">\u00bfInteresado en este producto?<\/h5>\n<p style=\"text-align: center;\"><span style=\"font-size: 12pt; font-family: helvetica, arial, sans-serif;\">Escr\u00edbanos\u00a0o ll\u00e1menos. Un ejecutivo de Audiopro se contactar\u00e1 con Ud. a la brevedad posible.<\/span><\/p>\n<p>[\/vc_column_text][vc_btn title=&#8221;Contactar&#8221; color=&#8221;purple&#8221; align=&#8221;center&#8221; link=&#8221;url:%23contactar|||&#8221; el_class=&#8221;ps2id&#8221;][\/vc_column][\/vc_row]<\/p>\n","protected":false},"excerpt":{"rendered":"<p>Es un producto sofisticado con gran sonido. Sus partes componentes incorporan tecnolog\u00eda de los productos \u00a0de alta gama de Definitive Technology. El resultado es calidad de sonido en un cine en casa que sorprender\u00e1 a todos.<\/p>\n","protected":false},"featured_media":766,"comment_status":"open","ping_status":"closed","template":"","meta":{"inline_featured_image":false},"_links":{"self":[{"href":"https:\/\/audiopro.com.ec\/catalogo\/wp-json\/wp\/v2\/product\/765"}],"collection":[{"href":"https:\/\/audiopro.com.ec\/catalogo\/wp-json\/wp\/v2\/product"}],"about":[{"href":"https:\/\/audiopro.com.ec\/catalogo\/wp-json\/wp\/v2\/types\/product"}],"replies":[{"embeddable":true,"href":"https:\/\/audiopro.com.ec\/catalogo\/wp-json\/wp\/v2\/comments?post=765"}],"wp:featuredmedia":[{"embeddable":true,"href":"https:\/\/audiopro.com.ec\/catalogo\/wp-json\/wp\/v2\/media\/766"}],"wp:attachment":[{"href":"https:\/\/audiopro.com.ec\/catalogo\/wp-json\/wp\/v2\/media?parent=765"}],"curies":[{"name":"wp","href":"https:\/\/api.w.org\/{rel}","templated":true}]}}